{"id":27,"date":"2013-01-30T22:19:00","date_gmt":"2013-01-30T20:19:00","guid":{"rendered":"http:\/\/www.albverein-bergatreute.de\/ortsgruppe\/?page_id=27"},"modified":"2026-02-23T12:58:26","modified_gmt":"2026-02-23T10:58:26","slug":"wanderwege","status":"publish","type":"page","link":"https:\/\/www.albverein-bergatreute.de\/ortsgruppe\/wanderwege\/","title":{"rendered":"Wanderwege"},"content":{"rendered":"<p>Wir bieten von geschulten und erfahrenen Wanderf\u00fchrern viele Halbtagswanderungen und mehrt\u00e4gige Touren an. Sie wandern auf einem Wegenetz von \u00fcber 23 000 km und erhalten dazu als Mitglied eine topographische Karte (Ma\u00dfstab 1: 35 000) kostenlos. In vielen Beschreibungen k\u00f6nnen Sie sich Touren und Wanderungen selbst zusammenstellen.<\/p>\n<p>Im Vereinseigentum sind 25 Aussichtst\u00fcrme von Hohenlohe bis zum Allg\u00e4u (Schwarzer- Grat-Turm) ebenso 27 vereinseigene Wanderheime, die zum gr\u00f6\u00dften Teil ehrenamtlich betreut werden.<\/p>\n\n\n<p>Die Ortsgruppe Bergatreute hat 6 Rundwanderwege ausgesucht, beschrieben und ausgeschildert.<\/p>\n\n\n\n<p><a href=\"https:\/\/www.albverein-bergatreute.de\/ortsgruppe\/wanderweg-1-haldenweg\/\">Wanderweg 1<\/a> Haldenweg (4,5km)<\/p>\n\n\n\n<p><a href=\"https:\/\/www.albverein-bergatreute.de\/ortsgruppe\/wanderweg-2-tal-weisenbronnen-achta\/\">Wanderweg 2<\/a> Tal &#8211; Weissenbronnen &#8211; Achtal (10km)<\/p>\n\n\n\n<p><a href=\"https:\/\/www.albverein-bergatreute.de\/ortsgruppe\/wanderweg-3-achtal-engenreute-gambach\/\">Wanderweg 3<\/a> Achtal &#8211; Engenreute &#8211; Gambach (10km)<\/p>\n\n\n\n<p><a href=\"https:\/\/www.albverein-bergatreute.de\/ortsgruppe\/wanderweg-4-giras-neuforst-mariatann-weissenbronnen\/\">Wanderweg 4<\/a> Giras \u2013 Neuforst \u2013 Marientann \u2013 Weissenbronnen (11km)<\/p>\n\n\n\n<p><a href=\"https:\/\/www.albverein-bergatreute.de\/ortsgruppe\/wanderweg-5-gwigg-dinnenried-ankenreute-giesenweiler\/\">Wanderweg 5<\/a> Gwigg \u2013 Dinnenried \u2013 Ankenreute \u2013 Giesenweiler (12km)<\/p>\n\n\n\n<p><a href=\"https:\/\/www.albverein-bergatreute.de\/ortsgruppe\/wanderweg-6-giesenweiler-sommers-giras\/\">Wanderweg 6<\/a> Giesenweiler \u2013 Sommers \u2013 Giras (8km)<\/p>\n\n\n\n<p><a href=\"https:\/\/www.albverein-bergatreute.de\/ortsgruppe\/wanderweg-7-giesenweiler-volkertshaus-blasiberg-rosberg\/\">Wanderweg 7<\/a> Giesenweiler \u2013 Volkertshaus \u2013 Blasiberg \u2013 Ro\u00dfberg (20km)<\/p>\n\n\n\n<p><\/p>\n","protected":false},"excerpt":{"rendered":"<p>Wir bieten von geschulten und erfahrenen Wanderf\u00fchrern viele Halbtagswanderungen und mehrt\u00e4gige Touren an. Sie wandern auf einem Wegenetz von \u00fcber 23 000 km&hellip;<\/p>\n","protected":false},"author":1,"featured_media":0,"parent":0,"menu_order":0,"comment_status":"closed","ping_status":"closed","template":"","meta":{"ngg_post_thumbnail":0,"footnotes":""},"class_list":["post-27","page","type-page","status-publish","hentry"],"_links":{"self":[{"href":"https:\/\/www.albverein-bergatreute.de\/ortsgruppe\/wp-json\/wp\/v2\/pages\/27","targetHints":{"allow":["GET"]}}],"collection":[{"href":"https:\/\/www.albverein-bergatreute.de\/ortsgruppe\/wp-json\/wp\/v2\/pages"}],"about":[{"href":"https:\/\/www.albverein-bergatreute.de\/ortsgruppe\/wp-json\/wp\/v2\/types\/page"}],"author":[{"embeddable":true,"href":"https:\/\/www.albverein-bergatreute.de\/ortsgruppe\/wp-json\/wp\/v2\/users\/1"}],"replies":[{"embeddable":true,"href":"https:\/\/www.albverein-bergatreute.de\/ortsgruppe\/wp-json\/wp\/v2\/comments?post=27"}],"version-history":[{"count":11,"href":"https:\/\/www.albverein-bergatreute.de\/ortsgruppe\/wp-json\/wp\/v2\/pages\/27\/revisions"}],"predecessor-version":[{"id":26145,"href":"https:\/\/www.albverein-bergatreute.de\/ortsgruppe\/wp-json\/wp\/v2\/pages\/27\/revisions\/26145"}],"wp:attachment":[{"href":"https:\/\/www.albverein-bergatreute.de\/ortsgruppe\/wp-json\/wp\/v2\/media?parent=27"}],"curies":[{"name":"wp","href":"https:\/\/api.w.org\/{rel}","templated":true}]}}