{"id":81,"date":"2013-02-19T19:39:51","date_gmt":"2013-02-19T17:39:51","guid":{"rendered":"http:\/\/www.albverein-bergatreute.de\/ortsgruppe\/?page_id=81"},"modified":"2026-03-08T21:22:01","modified_gmt":"2026-03-08T19:22:01","slug":"wanderweg-3-achtal-engenreute-gambach","status":"publish","type":"page","link":"https:\/\/www.albverein-bergatreute.de\/ortsgruppe\/wanderweg-3-achtal-engenreute-gambach\/","title":{"rendered":"Wanderweg 3 \u2022 Achtal \u2013 Engenreute \u2013 Gambach"},"content":{"rendered":"<p>Der Wanderweg 3 f\u00fchrt uns in direkter Linie zum Achtal. Am Sportplatz vorbei schl\u00e4ngelt sich der baumbestandene Weg nach Siegenwieden, um sich von dort an steil abw\u00e4rts ins Achtal zu senken. Beim Hof J\u00e4ger wendet sich der kiesige Fahrweg nach rechts und l\u00e4uft eben, etwa auf halber H\u00f6he des Hanges entlang. Wir schauen weit \u00fcber die H\u00f6henz\u00fcge des Altdorfer Waldes. Bald sto\u00dfen wir auf eine geteerte Nebenstra\u00dfe, die wir hinunter zum Talgrund wandern und so das Ortsende von Bolanden erreichen. Nun halten wir uns rechts und \u00fcberqueren dann (mit gro\u00dfer Vorsicht) die stark befahrene Landstra\u00dfe.<\/p>\n<p>Durch schattigen Wald geht es den gegen\u00fcberliegenden Hang hinauf. Wir treten aus dem Wald auf ein gro\u00dfes Wiesengel\u00e4nde, wenden uns nach links und bleiben auf dem Pfad, der dem Waldrand folgt, bis wir die 615 m \u00fc.M. hoch gelegene \u201e Engetreuter Linde \u201c erreichen unter der eine Bank zur Rast einl\u00e4dt. Eine der sch\u00f6nsten Aussichten liegt vor uns.<\/p>\n<p>Nun treten wir den R\u00fcckweg nach Bergatreute \u00fcber Engenreute und Gambach an.<\/p>\n<p>Am Ortsende von Gambach bleiben wir nur ein paar Schritte auf der Landstra\u00dfe, die nach Bergatreute f\u00fchrt, um dann nach links in einen Feldweg einzubiegen, der sich durch Wiesen zum Riedhof hinzieht. Wir sto\u00dfen auf eine geteerte Nebenstra\u00dfe, auf der wir nach rechts am Obstgarten entlang wandern. An dessen Ende angelangt, stehen wir auf einer Anh\u00f6he und haben eine der eindrucksvollsten Aussicheten auf das unten liegende Bergatreute vor uns.<\/p>\n<p>\u00dcber die Friedhofstra\u00dfe erreichen wir die Ortsmitte und den Ausgangspunkt unserer Wanderung.<\/p>\n<p>Wanderzeit ca 3 Stunden<\/p>\n<p>Strecke ca 10 Kilometer, m\u00e4\u00dfige Steigung<\/p>\n<p>Familienwanderweg \u2013 auch mit Kinderwagen befahrbar<\/p>\n","protected":false},"excerpt":{"rendered":"<p>Der Wanderweg 3 f\u00fchrt uns in direkter Linie zum Achtal. Am Sportplatz vorbei schl\u00e4ngelt sich der baumbestandene Weg nach Siegenwieden, um sich von&hellip;<\/p>\n","protected":false},"author":1,"featured_media":0,"parent":0,"menu_order":0,"comment_status":"closed","ping_status":"closed","template":"","meta":{"ngg_post_thumbnail":0,"footnotes":""},"class_list":["post-81","page","type-page","status-publish","hentry"],"_links":{"self":[{"href":"https:\/\/www.albverein-bergatreute.de\/ortsgruppe\/wp-json\/wp\/v2\/pages\/81","targetHints":{"allow":["GET"]}}],"collection":[{"href":"https:\/\/www.albverein-bergatreute.de\/ortsgruppe\/wp-json\/wp\/v2\/pages"}],"about":[{"href":"https:\/\/www.albverein-bergatreute.de\/ortsgruppe\/wp-json\/wp\/v2\/types\/page"}],"author":[{"embeddable":true,"href":"https:\/\/www.albverein-bergatreute.de\/ortsgruppe\/wp-json\/wp\/v2\/users\/1"}],"replies":[{"embeddable":true,"href":"https:\/\/www.albverein-bergatreute.de\/ortsgruppe\/wp-json\/wp\/v2\/comments?post=81"}],"version-history":[{"count":5,"href":"https:\/\/www.albverein-bergatreute.de\/ortsgruppe\/wp-json\/wp\/v2\/pages\/81\/revisions"}],"predecessor-version":[{"id":26161,"href":"https:\/\/www.albverein-bergatreute.de\/ortsgruppe\/wp-json\/wp\/v2\/pages\/81\/revisions\/26161"}],"wp:attachment":[{"href":"https:\/\/www.albverein-bergatreute.de\/ortsgruppe\/wp-json\/wp\/v2\/media?parent=81"}],"curies":[{"name":"wp","href":"https:\/\/api.w.org\/{rel}","templated":true}]}}