{"id":83,"date":"2013-02-19T19:40:33","date_gmt":"2013-02-19T17:40:33","guid":{"rendered":"http:\/\/www.albverein-bergatreute.de\/ortsgruppe\/?page_id=83"},"modified":"2026-02-23T12:46:25","modified_gmt":"2026-02-23T10:46:25","slug":"wanderweg-4-giras-neuforst-mariatann-weissenbronnen","status":"publish","type":"page","link":"https:\/\/www.albverein-bergatreute.de\/ortsgruppe\/wanderweg-4-giras-neuforst-mariatann-weissenbronnen\/","title":{"rendered":"Wanderweg 4 \u2022 Giras &#8211; Neuforst &#8211; Marientann &#8211; Weissenbronnen"},"content":{"rendered":"<p>Die Wanderstrecke f\u00fchrt \u00fcber Witschwende bis zur Anh\u00f6he \u201e Ecksteige \u201c, von der man eine sch\u00f6ne Aussicht hat. Von dort f\u00fchrt der Weg links durch den Wald zum Hof K\u00f6sterle am Elfenweiher vorbei zum Hof Giras.<\/p>\n<p>Danach f\u00fchrt die Wanderroute links am Wald entlang nach Neuforst und durch die Hohlgasse hinunter nach H\u00f6ll. Von dort \u00fcber Bainders nach Weissenbronnen.<\/p>\n<p>Heimw\u00e4rts geht es auf dem Achweg \u00fcber die \u201e Witschwender Br\u00fccke \u201c, die steile Steige hinauf nach Bergatreute.<\/p>\n<p>Wanderzeit ca 3 Stunden<\/p>\n<p>Strecke ca 11 Kilometer, st\u00e4rkere Steigung, nicht f\u00fcr Kinderwagen geeignet<\/p>\n","protected":false},"excerpt":{"rendered":"<p>Die Wanderstrecke f\u00fchrt \u00fcber Witschwende bis zur Anh\u00f6he \u201e Ecksteige \u201c, von der man eine sch\u00f6ne Aussicht hat. Von dort f\u00fchrt der Weg&hellip;<\/p>\n","protected":false},"author":1,"featured_media":0,"parent":0,"menu_order":0,"comment_status":"closed","ping_status":"closed","template":"","meta":{"ngg_post_thumbnail":0,"footnotes":""},"class_list":["post-83","page","type-page","status-publish","hentry"],"_links":{"self":[{"href":"https:\/\/www.albverein-bergatreute.de\/ortsgruppe\/wp-json\/wp\/v2\/pages\/83","targetHints":{"allow":["GET"]}}],"collection":[{"href":"https:\/\/www.albverein-bergatreute.de\/ortsgruppe\/wp-json\/wp\/v2\/pages"}],"about":[{"href":"https:\/\/www.albverein-bergatreute.de\/ortsgruppe\/wp-json\/wp\/v2\/types\/page"}],"author":[{"embeddable":true,"href":"https:\/\/www.albverein-bergatreute.de\/ortsgruppe\/wp-json\/wp\/v2\/users\/1"}],"replies":[{"embeddable":true,"href":"https:\/\/www.albverein-bergatreute.de\/ortsgruppe\/wp-json\/wp\/v2\/comments?post=83"}],"version-history":[{"count":4,"href":"https:\/\/www.albverein-bergatreute.de\/ortsgruppe\/wp-json\/wp\/v2\/pages\/83\/revisions"}],"predecessor-version":[{"id":26140,"href":"https:\/\/www.albverein-bergatreute.de\/ortsgruppe\/wp-json\/wp\/v2\/pages\/83\/revisions\/26140"}],"wp:attachment":[{"href":"https:\/\/www.albverein-bergatreute.de\/ortsgruppe\/wp-json\/wp\/v2\/media?parent=83"}],"curies":[{"name":"wp","href":"https:\/\/api.w.org\/{rel}","templated":true}]}}