{"id":85,"date":"2013-02-19T19:41:36","date_gmt":"2013-02-19T17:41:36","guid":{"rendered":"http:\/\/www.albverein-bergatreute.de\/ortsgruppe\/?page_id=85"},"modified":"2014-11-28T17:37:52","modified_gmt":"2014-11-28T15:37:52","slug":"wanderweg-6-giesenweiler-sommers-giras","status":"publish","type":"page","link":"https:\/\/www.albverein-bergatreute.de\/ortsgruppe\/wanderweg-6-giesenweiler-sommers-giras\/","title":{"rendered":"Wanderweg 6 \u2022 Giesenweiler &#8211; Sommers &#8211; Giras"},"content":{"rendered":"<p>Die Wanderung f\u00fchrt \u00fcber den Schulweg bis zum Hof Buck, danach gehts links auf dem Kirchweg bis Ried und weiter durch Giesenweiler zur Hauptstra\u00dfe. Diese wird \u00fcberquert und der Weg f\u00fchrt weiter nach Sommers. Von dort rechts auf dem HW 4 bis zum Waldende und nochmals rechts zum \u201e Elfenweiher \u201c , an diesem entlang dis Kl\u00f6sterle und den Waldweg hinauf zur \u201eEcksteige\u201c. Vom herrlichen Aussichtspunkt aus durch Witschwende zur\u00fcck nach Bergatreute.<\/p>\n<p>Wanderzeit ca 2 \u00bd Stunden<\/p>\n<p>Strecke ca 8 Kilometer, st\u00e4rkere Steigung, nicht f\u00fcr Kinderwagen geeignet<\/p>\n","protected":false},"excerpt":{"rendered":"<p>Die Wanderung f\u00fchrt \u00fcber den Schulweg bis zum Hof Buck, danach gehts links auf dem Kirchweg bis Ried und weiter durch Giesenweiler zur&hellip;<\/p>\n","protected":false},"author":1,"featured_media":0,"parent":0,"menu_order":0,"comment_status":"closed","ping_status":"closed","template":"","meta":{"ngg_post_thumbnail":0,"footnotes":""},"class_list":["post-85","page","type-page","status-publish","hentry"],"_links":{"self":[{"href":"https:\/\/www.albverein-bergatreute.de\/ortsgruppe\/wp-json\/wp\/v2\/pages\/85","targetHints":{"allow":["GET"]}}],"collection":[{"href":"https:\/\/www.albverein-bergatreute.de\/ortsgruppe\/wp-json\/wp\/v2\/pages"}],"about":[{"href":"https:\/\/www.albverein-bergatreute.de\/ortsgruppe\/wp-json\/wp\/v2\/types\/page"}],"author":[{"embeddable":true,"href":"https:\/\/www.albverein-bergatreute.de\/ortsgruppe\/wp-json\/wp\/v2\/users\/1"}],"replies":[{"embeddable":true,"href":"https:\/\/www.albverein-bergatreute.de\/ortsgruppe\/wp-json\/wp\/v2\/comments?post=85"}],"version-history":[{"count":4,"href":"https:\/\/www.albverein-bergatreute.de\/ortsgruppe\/wp-json\/wp\/v2\/pages\/85\/revisions"}],"predecessor-version":[{"id":5472,"href":"https:\/\/www.albverein-bergatreute.de\/ortsgruppe\/wp-json\/wp\/v2\/pages\/85\/revisions\/5472"}],"wp:attachment":[{"href":"https:\/\/www.albverein-bergatreute.de\/ortsgruppe\/wp-json\/wp\/v2\/media?parent=85"}],"curies":[{"name":"wp","href":"https:\/\/api.w.org\/{rel}","templated":true}]}}