{"id":86,"date":"2013-02-19T19:42:18","date_gmt":"2013-02-19T17:42:18","guid":{"rendered":"http:\/\/www.albverein-bergatreute.de\/ortsgruppe\/?page_id=86"},"modified":"2014-11-28T17:39:13","modified_gmt":"2014-11-28T15:39:13","slug":"wanderweg-7-giesenweiler-volkertshaus-blasiberg-rosberg","status":"publish","type":"page","link":"https:\/\/www.albverein-bergatreute.de\/ortsgruppe\/wanderweg-7-giesenweiler-volkertshaus-blasiberg-rosberg\/","title":{"rendered":"Wanderweg 7 \u2022 Giesenweiler &#8211; Volkertshaus &#8211; Blasiberg &#8211; Ro\u00dfberg"},"content":{"rendered":"<p>Die Wanderstrecke f\u00fchrt uns die Waldseer Stra\u00dfe hinauf bis zum Ortsende, dort rechts durchs Ried nach Giesenweiler. Weiter durch den Wald nach Unterstocken, durchs Langholz bis zur Stra\u00dfe zwischen Volkertshaus und Ankenreute. Nun gehen wir den H\u00fcgel hinauf bis zur Kapelle Volkertshaus. Auf dem Radweg entlang der Kreisstra\u00dfe f\u00fchrt uns der Weg nach Oberurbach und weiter zum Blasiberg, von dem man einen herrlichen Ausblick hat.<\/p>\n<p>Am Waldrand entlang kommen wir nach Binzen, dort die Steige hinunter \u00fcber die Bahngleise nach Ro\u00dfberg. Von hier aus f\u00fchrt uns die Wanderroute \u00fcber Engetweiler nach Giesenweiler.<\/p>\n<p>Zum Schluss wieder zur\u00fcck durchs Ried und auf dem Fu\u00dfweg zur Landstra\u00dfe und auf dem Schulweg zum Rathaus.<\/p>\n<p>Wanderzeit ca 4 \u00bd Stunden<\/p>\n<p>Strecke ca 20 Kilometer, st\u00e4rkere Steigung, nicht f\u00fcr Kinderwagen geeignet<\/p>\n","protected":false},"excerpt":{"rendered":"<p>Die Wanderstrecke f\u00fchrt uns die Waldseer Stra\u00dfe hinauf bis zum Ortsende, dort rechts durchs Ried nach Giesenweiler. Weiter durch den Wald nach Unterstocken,&hellip;<\/p>\n","protected":false},"author":1,"featured_media":0,"parent":0,"menu_order":0,"comment_status":"closed","ping_status":"closed","template":"","meta":{"ngg_post_thumbnail":0,"footnotes":""},"class_list":["post-86","page","type-page","status-publish","hentry"],"_links":{"self":[{"href":"https:\/\/www.albverein-bergatreute.de\/ortsgruppe\/wp-json\/wp\/v2\/pages\/86","targetHints":{"allow":["GET"]}}],"collection":[{"href":"https:\/\/www.albverein-bergatreute.de\/ortsgruppe\/wp-json\/wp\/v2\/pages"}],"about":[{"href":"https:\/\/www.albverein-bergatreute.de\/ortsgruppe\/wp-json\/wp\/v2\/types\/page"}],"author":[{"embeddable":true,"href":"https:\/\/www.albverein-bergatreute.de\/ortsgruppe\/wp-json\/wp\/v2\/users\/1"}],"replies":[{"embeddable":true,"href":"https:\/\/www.albverein-bergatreute.de\/ortsgruppe\/wp-json\/wp\/v2\/comments?post=86"}],"version-history":[{"count":4,"href":"https:\/\/www.albverein-bergatreute.de\/ortsgruppe\/wp-json\/wp\/v2\/pages\/86\/revisions"}],"predecessor-version":[{"id":5474,"href":"https:\/\/www.albverein-bergatreute.de\/ortsgruppe\/wp-json\/wp\/v2\/pages\/86\/revisions\/5474"}],"wp:attachment":[{"href":"https:\/\/www.albverein-bergatreute.de\/ortsgruppe\/wp-json\/wp\/v2\/media?parent=86"}],"curies":[{"name":"wp","href":"https:\/\/api.w.org\/{rel}","templated":true}]}}