{"id":8721,"date":"2015-11-11T14:13:17","date_gmt":"2015-11-11T12:13:17","guid":{"rendered":"http:\/\/www.albverein-bergatreute.de\/ortsgruppe\/?page_id=8721"},"modified":"2025-10-30T12:29:23","modified_gmt":"2025-10-30T10:29:23","slug":"mitglied-werden","status":"publish","type":"page","link":"https:\/\/www.albverein-bergatreute.de\/ortsgruppe\/mitglied-werden\/","title":{"rendered":"Mitglied werden"},"content":{"rendered":"\n<p>Sie interessieren sich f\u00fcr eine Mitgliedschaft im Schw\u00e4bischen Albverein?<\/p>\n\n\n\n<p>Sie d\u00fcrfen sich sehr gerne an eines der Ausschussmitglieder wenden. Anschriften finden Sie in den Rubriken <a href=\"http:\/\/www.albverein-bergatreute.de\/ortsgruppe\/ausschuss\/\">Ausschuss<\/a> und <a href=\"http:\/\/www.albverein-bergatreute.de\/ortsgruppe\/kontakt\/\">Kontakt<\/a>.<\/p>\n\n\n\n<p>M\u00f6chten Sie sich direkt anmelden, so drucken Sie bitte die <a href=\"https:\/\/www.albverein-bergatreute.de\/ortsgruppe\/wp-content\/uploads\/sites\/5\/2025\/10\/Beitrittserklaerung-2026.pdf\" target=\"_blank\" rel=\"noreferrer noopener\">Beitrittserkl\u00e4rung<\/a>\u00a0aus und lassen uns diese dann ausgef\u00fcllt zukommen!<\/p>\n\n\n\n<p>Wie auch immer, wir w\u00fcrden uns sehr freuen, Sie als neues Mitglied in unserem Verein begr\u00fc\u00dfen zu d\u00fcrfen. Sie tun damit nicht nur f\u00fcr sich selber was Gutes, Sie unterst\u00fctzen auch die Ziele des Schw\u00e4bischen Albvereins und das ist f\u00f6rderlich f\u00fcr unsere ganze Gesellschaft!<\/p>\n\n\n\n<p><a href=\"http:\/\/www.albverein-bergatreute.de\/ortsgruppe\/wp-content\/uploads\/sites\/5\/2018\/07\/Datenschutzhinweise-fuer-Neumitglieder.pdf\">Datenschutzhinweise-f\u00fcr-Neumitglieder<\/a>\u00a0 <a href=\"https:\/\/www.albverein-bergatreute.de\/ortsgruppe\/wp-content\/uploads\/sites\/5\/2025\/10\/Beitrittserklaerung-2026.pdf\" target=\"_blank\" rel=\"noreferrer noopener\">Beitrittserkl\u00e4rung<\/a><\/p>\n\n\n\n<p><\/p>\n","protected":false},"excerpt":{"rendered":"<p>Sie interessieren sich f\u00fcr eine Mitgliedschaft im Schw\u00e4bischen Albverein? Sie d\u00fcrfen sich sehr gerne an eines der Ausschussmitglieder wenden. Anschriften finden Sie in&hellip;<\/p>\n","protected":false},"author":3,"featured_media":0,"parent":0,"menu_order":0,"comment_status":"closed","ping_status":"closed","template":"","meta":{"ngg_post_thumbnail":0,"footnotes":""},"class_list":["post-8721","page","type-page","status-publish","hentry"],"_links":{"self":[{"href":"https:\/\/www.albverein-bergatreute.de\/ortsgruppe\/wp-json\/wp\/v2\/pages\/8721","targetHints":{"allow":["GET"]}}],"collection":[{"href":"https:\/\/www.albverein-bergatreute.de\/ortsgruppe\/wp-json\/wp\/v2\/pages"}],"about":[{"href":"https:\/\/www.albverein-bergatreute.de\/ortsgruppe\/wp-json\/wp\/v2\/types\/page"}],"author":[{"embeddable":true,"href":"https:\/\/www.albverein-bergatreute.de\/ortsgruppe\/wp-json\/wp\/v2\/users\/3"}],"replies":[{"embeddable":true,"href":"https:\/\/www.albverein-bergatreute.de\/ortsgruppe\/wp-json\/wp\/v2\/comments?post=8721"}],"version-history":[{"count":32,"href":"https:\/\/www.albverein-bergatreute.de\/ortsgruppe\/wp-json\/wp\/v2\/pages\/8721\/revisions"}],"predecessor-version":[{"id":26085,"href":"https:\/\/www.albverein-bergatreute.de\/ortsgruppe\/wp-json\/wp\/v2\/pages\/8721\/revisions\/26085"}],"wp:attachment":[{"href":"https:\/\/www.albverein-bergatreute.de\/ortsgruppe\/wp-json\/wp\/v2\/media?parent=8721"}],"curies":[{"name":"wp","href":"https:\/\/api.w.org\/{rel}","templated":true}]}}