{"id":24,"date":"2013-01-30T22:00:31","date_gmt":"2013-01-30T20:00:31","guid":{"rendered":"http:\/\/www.albverein-bergatreute.de\/zeltlager\/?page_id=24"},"modified":"2016-10-17T21:57:36","modified_gmt":"2016-10-17T19:57:36","slug":"angebot","status":"publish","type":"page","link":"https:\/\/www.albverein-bergatreute.de\/zeltlager\/angebot\/","title":{"rendered":"Angebot &#8211; was wir bieten\u2026"},"content":{"rendered":"<p><strong>Spiel &#8211; Lagerfeuer &#8211; Baden &#8211; Fu\u00dfball &#8211; Federball &#8211; Tischtennis &#8211; Gel\u00e4ndespiele &#8211; Lagerdisco &#8211; Nachtwanderung &#8211; Abenteuerwanderung &#8211; Ausfl\u00fcge &#8211; Sommerfest &#8211; Workshops und vieles mehr\u2026<\/strong><\/p>\n<ul>\n<li>In einem Bastelzelt haben die Kinder die M\u00f6glichkeit nach Lust und Laune zu Basteln und zu Malen.<\/li>\n<li>Die Mahlzeiten (drei Haupt- und eine Zwischenmahlzeit) werden in unserer Zeltlagerk\u00fcche t\u00e4glich frisch zubereitet.<\/li>\n<li>Jeden Tag wird das Brot auf dem Zeltplatz frisch von einem B\u00e4ckermeister gebacken.<\/li>\n<li>Auf Wunsch verwalten wir das Taschengeld.<\/li>\n<li>Das Zeltlager dauert 2 Wochen. Es kann aber auch nur eine Woche in Anspruch genommen werden.<\/li>\n<\/ul>\n","protected":false},"excerpt":{"rendered":"<p>Spiel &#8211; Lagerfeuer &#8211; Baden &#8211; Fu\u00dfball &#8211; Federball &#8211; Tischtennis &#8211; Gel\u00e4ndespiele &#8211; Lagerdisco &#8211; Nachtwanderung &#8211; Abenteuerwanderung &#8211; Ausfl\u00fcge &#8211; Sommerfest&hellip;<\/p>\n","protected":false},"author":1,"featured_media":1291,"parent":0,"menu_order":0,"comment_status":"closed","ping_status":"closed","template":"","meta":{"ngg_post_thumbnail":0,"footnotes":""},"class_list":["post-24","page","type-page","status-publish","has-post-thumbnail","hentry"],"_links":{"self":[{"href":"https:\/\/www.albverein-bergatreute.de\/zeltlager\/wp-json\/wp\/v2\/pages\/24","targetHints":{"allow":["GET"]}}],"collection":[{"href":"https:\/\/www.albverein-bergatreute.de\/zeltlager\/wp-json\/wp\/v2\/pages"}],"about":[{"href":"https:\/\/www.albverein-bergatreute.de\/zeltlager\/wp-json\/wp\/v2\/types\/page"}],"author":[{"embeddable":true,"href":"https:\/\/www.albverein-bergatreute.de\/zeltlager\/wp-json\/wp\/v2\/users\/1"}],"replies":[{"embeddable":true,"href":"https:\/\/www.albverein-bergatreute.de\/zeltlager\/wp-json\/wp\/v2\/comments?post=24"}],"version-history":[{"count":7,"href":"https:\/\/www.albverein-bergatreute.de\/zeltlager\/wp-json\/wp\/v2\/pages\/24\/revisions"}],"predecessor-version":[{"id":3640,"href":"https:\/\/www.albverein-bergatreute.de\/zeltlager\/wp-json\/wp\/v2\/pages\/24\/revisions\/3640"}],"wp:featuredmedia":[{"embeddable":true,"href":"https:\/\/www.albverein-bergatreute.de\/zeltlager\/wp-json\/wp\/v2\/media\/1291"}],"wp:attachment":[{"href":"https:\/\/www.albverein-bergatreute.de\/zeltlager\/wp-json\/wp\/v2\/media?parent=24"}],"curies":[{"name":"wp","href":"https:\/\/api.w.org\/{rel}","templated":true}]}}