{"id":25,"date":"2013-01-30T22:00:43","date_gmt":"2013-01-30T20:00:43","guid":{"rendered":"http:\/\/www.albverein-bergatreute.de\/zeltlager\/?page_id=25"},"modified":"2024-07-26T12:26:43","modified_gmt":"2024-07-26T10:26:43","slug":"betreuer","status":"publish","type":"page","link":"https:\/\/www.albverein-bergatreute.de\/zeltlager\/betreuer\/","title":{"rendered":"Betreuer"},"content":{"rendered":"<p>Unser Team besteht aus erfahrenen und motivierten Betreuern. Im wahren Leben arbeiten Sie unter anderem als Polizisten, Elektriker, Krankenschwestern, B\u00e4ckern, Erzieherinnen oder Chemielaboranten. Wie Sie leicht sehen k\u00f6nnen, handelt es sich um eine bunte Mischung ehrenamtlicher Helfer, die Jahr f\u00fcr Jahr ihren Sommerurlaub f\u00fcr die Jugendarbeit verwenden.<\/p>\n","protected":false},"excerpt":{"rendered":"<p>Unser Team besteht aus erfahrenen und motivierten Betreuern. Im wahren Leben arbeiten Sie unter anderem als Polizisten, Elektriker, Krankenschwestern, B\u00e4ckern, Erzieherinnen oder Chemielaboranten.&hellip;<\/p>\n","protected":false},"author":1,"featured_media":158,"parent":0,"menu_order":0,"comment_status":"closed","ping_status":"closed","template":"","meta":{"ngg_post_thumbnail":0,"footnotes":""},"class_list":["post-25","page","type-page","status-publish","has-post-thumbnail","hentry"],"_links":{"self":[{"href":"https:\/\/www.albverein-bergatreute.de\/zeltlager\/wp-json\/wp\/v2\/pages\/25","targetHints":{"allow":["GET"]}}],"collection":[{"href":"https:\/\/www.albverein-bergatreute.de\/zeltlager\/wp-json\/wp\/v2\/pages"}],"about":[{"href":"https:\/\/www.albverein-bergatreute.de\/zeltlager\/wp-json\/wp\/v2\/types\/page"}],"author":[{"embeddable":true,"href":"https:\/\/www.albverein-bergatreute.de\/zeltlager\/wp-json\/wp\/v2\/users\/1"}],"replies":[{"embeddable":true,"href":"https:\/\/www.albverein-bergatreute.de\/zeltlager\/wp-json\/wp\/v2\/comments?post=25"}],"version-history":[{"count":10,"href":"https:\/\/www.albverein-bergatreute.de\/zeltlager\/wp-json\/wp\/v2\/pages\/25\/revisions"}],"predecessor-version":[{"id":11630,"href":"https:\/\/www.albverein-bergatreute.de\/zeltlager\/wp-json\/wp\/v2\/pages\/25\/revisions\/11630"}],"wp:featuredmedia":[{"embeddable":true,"href":"https:\/\/www.albverein-bergatreute.de\/zeltlager\/wp-json\/wp\/v2\/media\/158"}],"wp:attachment":[{"href":"https:\/\/www.albverein-bergatreute.de\/zeltlager\/wp-json\/wp\/v2\/media?parent=25"}],"curies":[{"name":"wp","href":"https:\/\/api.w.org\/{rel}","templated":true}]}}