{"id":301,"date":"2013-08-10T18:15:50","date_gmt":"2013-08-10T16:15:50","guid":{"rendered":"http:\/\/www.albverein-bergatreute.de\/zeltlager\/?page_id=301"},"modified":"2019-07-24T11:08:25","modified_gmt":"2019-07-24T09:08:25","slug":"liebe-eltern","status":"publish","type":"page","link":"https:\/\/www.albverein-bergatreute.de\/zeltlager\/liebe-eltern\/","title":{"rendered":"Elternbrief vom 18. Juli 2012"},"content":{"rendered":"<p>Dieser Brief wurde 2012 aus aktuellem Anlass verfasst! Nicht mehr alles hat seine G\u00fcltigkeit, aber vieles schon!<br \/>\nDurchlesen kann nicht schaden!<\/p>\n<p>&nbsp;<\/p>\n<p>Sehr geehrte Eltern unserer Zeltlagerteilnehmer,<\/p>\n<p>das Zeltlager steht vor der T\u00fcr und wir sind schon voller Vorfreude auf die sch\u00f6ne Zeit im Zeltlager Buchsee.<\/p>\n<p>Sie haben ihr Kind zum Zeltlager angemeldet. Bitte gestatten sie mir, ein paar Gedanken zur Zusammenarbeit von uns Betreuern und ihnen als Erziehungsberechtigte zu \u00e4u\u00dfern. In den meisten F\u00e4llen ist die ja auch vollkommen unproblematisch. In den vergangenen Jahren habe sich jedoch ein paar wenige st\u00f6rende Situationen angeh\u00e4uft, die ich gerne ansprechen m\u00f6chte.<\/p>\n<p>Wir bem\u00fchen uns sehr, ein Verh\u00e4ltnis des Vertrauens zu ihrem Kind aufzubauen. Dies gelingt uns nur, wenn ihr Kind auch wei\u00df, dass wir der Ansprechpartner f\u00fcr alle Probleme sind.<\/p>\n<ul>\n<li>Wenn sie ihrem Kind ein Handy mitgeben mit der Aufforderung, es d\u00fcrfe sie bei jeder Tages- und Nachtzeit anrufen, wenn irgend etwas w\u00e4re, dann haben wir Probleme. Es kommt dann vor, dass ein Kind nachts um zw\u00f6lf Uhr von seinem Schlafsack aus zu Hause anruft und sagt es sei im Augenblick ein lauter Streit im Zelt und es k\u00f6nne nicht schlafen. Der Vater des Kindes ruft dann uns an und fragt, ob wir unseren Laden schon im Griff h\u00e4tten. Auf Nachfragen \u00e4u\u00dfert sich das Kind dann so, es habe zwar keinen Streit gegeben, aber es habe einen Vorwand gebraucht um zu Hause anzurufen, da es Heimweh habe. Solche Aufregungen kann man sich leicht ersparen, wenn sie ihrem Kind deutlich machen, dass es sich an uns wenden soll, wenn es ein Problem hat. Ihr Kind braucht im Zeltlager kein Handy!<\/li>\n<li>Mir ist aus meiner nun schon jahrzehntelangen Erfahrung klar, dass die Eltern mindestens genauso oft an Heimweh leiden, wie die Kinder. Bitte rufen sie trotzdem nur in Ausnahmef\u00e4llen an. Es hat sich gezeigt, dass Anrufe von Eltern meist in keiner Weise hilfreich sind. Im Gegenteil, das Kind wird aus seiner ganz besonderen Zeltlagerwelt gerissen und f\u00e4ngt an nachzugr\u00fcbeln und entwickelt pl\u00f6tzlich Heimweh. Aus einem fr\u00f6hlichen Kind wird ein trauriges Kind. Sie helfen ihrem Kind nicht, wenn sie anrufen. Bitte glauben sie mir: Wenn es einen Anlass gibt, werden wir uns bei ihnen melden.<\/li>\n<li>Dasselbe gilt f\u00fcr Besuche. Wir k\u00f6nnen und wollen ihnen nicht verbieten, ihr Kind zu besuchen. Die Besuche haben aber einen solchen Umfang angenommen, dass wir sie bitten, sich vorher bei uns telefonisch anzumelden. Wir m\u00fcssen immer wissen wer auf unserem Platz ist. Dies ist sehr wichtig, da wir sonst unserer Aufsichtsplicht nicht nachkommen k\u00f6nnen. Wenn sie ihr Kind besuchen sollten denken Sie bitte daran: Der Lagerfeuerabend geh\u00f6rt ganz allein den Zeltlagerteilnehmern. Sie sollten unbedingt vor Einbruch der Dunkelheit den Platz verlassen. Viele Kinder haben Angst, wenn f\u00fcr sie unbekannte Erwachsene auf dem Platz sind.<\/li>\n<li>Zu guter Letzt noch eine kleine Bitte: Wir machen uns viel Arbeit mit dem Zusammenlegungswunsch auf der Anmeldung. Das Belegen der Zelte ist jedes Jahr eine planerische Herausforderung. Diesen Service bieten wohl nur wenige Zeltlager in unserer Gr\u00f6\u00dfe. Bitte schreiben sie in Zukunft nur einen Namen als Zusammenlegungswunsch auf die Anmeldung. Wir k\u00f6nnen einfach nicht mehr ber\u00fccksichtigen. Es ist nicht m\u00f6glich.<\/li>\n<\/ul>\n<p>Bitte entschuldigen sie, dass ich ihr Verhalten zum Teil bewerte. Es ist mir seit Jahren ein inneres Bed\u00fcrfnis, ein paar Dinge hier zurecht zu r\u00fccken. Alles entspringt nur dem Wunsch, ihrem Kind einen spannenden und unvergesslichen Aufenthalt in unserem Lager zu bieten.<\/p>\n<p>Vielen Dank, dass sie sich die Zeit genommen haben, diesen Brief zu lesen.<\/p>\n<p>Ihr Klaus K\u00fcble, seit vielen Jahren Lagerleiter.<\/p>\n","protected":false},"excerpt":{"rendered":"<p>Dieser Brief wurde 2012 aus aktuellem Anlass verfasst! Nicht mehr alles hat seine G\u00fcltigkeit, aber vieles schon! Durchlesen kann nicht schaden! &nbsp; Sehr&hellip;<\/p>\n","protected":false},"author":1,"featured_media":3642,"parent":0,"menu_order":0,"comment_status":"closed","ping_status":"closed","template":"","meta":{"ngg_post_thumbnail":0,"footnotes":""},"class_list":["post-301","page","type-page","status-publish","has-post-thumbnail","hentry"],"_links":{"self":[{"href":"https:\/\/www.albverein-bergatreute.de\/zeltlager\/wp-json\/wp\/v2\/pages\/301","targetHints":{"allow":["GET"]}}],"collection":[{"href":"https:\/\/www.albverein-bergatreute.de\/zeltlager\/wp-json\/wp\/v2\/pages"}],"about":[{"href":"https:\/\/www.albverein-bergatreute.de\/zeltlager\/wp-json\/wp\/v2\/types\/page"}],"author":[{"embeddable":true,"href":"https:\/\/www.albverein-bergatreute.de\/zeltlager\/wp-json\/wp\/v2\/users\/1"}],"replies":[{"embeddable":true,"href":"https:\/\/www.albverein-bergatreute.de\/zeltlager\/wp-json\/wp\/v2\/comments?post=301"}],"version-history":[{"count":7,"href":"https:\/\/www.albverein-bergatreute.de\/zeltlager\/wp-json\/wp\/v2\/pages\/301\/revisions"}],"predecessor-version":[{"id":7764,"href":"https:\/\/www.albverein-bergatreute.de\/zeltlager\/wp-json\/wp\/v2\/pages\/301\/revisions\/7764"}],"wp:featuredmedia":[{"embeddable":true,"href":"https:\/\/www.albverein-bergatreute.de\/zeltlager\/wp-json\/wp\/v2\/media\/3642"}],"wp:attachment":[{"href":"https:\/\/www.albverein-bergatreute.de\/zeltlager\/wp-json\/wp\/v2\/media?parent=301"}],"curies":[{"name":"wp","href":"https:\/\/api.w.org\/{rel}","templated":true}]}}