{"id":3085,"date":"2015-12-11T21:46:42","date_gmt":"2015-12-11T19:46:42","guid":{"rendered":"http:\/\/www.albverein-bergatreute.de\/zeltlager\/?page_id=3085"},"modified":"2025-11-11T14:47:40","modified_gmt":"2025-11-11T12:47:40","slug":"mitbringliste","status":"publish","type":"page","link":"https:\/\/www.albverein-bergatreute.de\/zeltlager\/mitbringliste\/","title":{"rendered":"Mitbringliste"},"content":{"rendered":"<h2>Mitbringliste f\u00fcr zwei Wochen<\/h2>\n<p>Wenn ihr Kind nur eine Woche dabei ist, verringern sich die Mengen entsprechend.<\/p>\n<p>&nbsp;<\/p>\n<h4>Schuhe:<\/h4>\n<p>Geeignete Schuhe zum Wandern, Sandalen, Sportschuhe, Gummistiefel, Schlappen<\/p>\n<p>&nbsp;<\/p>\n<h4>Waschzeug:<\/h4>\n<p>Zahnputzzeug, Shampoo, Handtuch usw.<\/p>\n<p>&nbsp;<\/p>\n<h4>Badesachen:<\/h4>\n<p>Badekleidung, Handtuch oder Badetuch<\/p>\n<p>&nbsp;<\/p>\n<h4>Nachtlager:<\/h4>\n<p>Isomatten oder Schaumstoffmatratzen sind viel geeigneter als Liegen! Liegen gehen kaputt, sind unbequem und kalt! Alle Arten von Matten sind besser! Bitte nicht breiter als 90cm, 60cm reichen auch!<br \/>\nSchlafsack, zus\u00e4tzlich eine Decke und Kissen und manchmal ganz wichtig: Das Kuscheltier!<\/p>\n<p>&nbsp;<\/p>\n<h4>Kleidung:<\/h4>\n<p>Vier lange Hosen, zwei Jogginghosen, vier kurze Hosen, drei Pullis (Sweatshirts), acht T-Shirts, Regenjacke, warme Jacke, Socken und Unterw\u00e4sche, Stoffbeutel f\u00fcr Schmutzw\u00e4sche.<\/p>\n<p>&nbsp;<\/p>\n<h4>Sonstiges:<\/h4>\n<p>Impfbuch, Krankenkassenkarte, Taschenlampe, Rucksack, Sonnencreme, Cappy oder andere Kopfbedeckung, Schreibzeug, evtl. Musikinstrument, evtl. Autan oder Anti-Brumm<\/p>\n<p>&nbsp;<\/p>\n<h4>Taschengeld:<\/h4>\n<p>f\u00fcr zwei Wochen 30 \u2013 40\u20ac<\/p>\n<p>&nbsp;<\/p>\n<h4>Sch\u00f6n zu Hause lassen:<\/h4>\n<p>Handys, Smartphones, Tablets und \u00c4hnliches! Dieses Zeug wird nicht ben\u00f6tigt! Seien Sie froh, dass Ihr Kind mal abschalten kann (muss)!<\/p>\n<p>&nbsp;<\/p>\n<p>Wenn Sie die wertvollsten Kleidungsst\u00fccke und Gegenst\u00e4nde kennzeichnen, steigt die Chance, dass alles wieder mit nach Hause findet!<\/p>\n<p>&nbsp;<\/p>\n<p>&nbsp;<\/p>\n","protected":false},"excerpt":{"rendered":"<p>Mitbringliste f\u00fcr zwei Wochen Wenn ihr Kind nur eine Woche dabei ist, verringern sich die Mengen entsprechend. &nbsp; Schuhe: Geeignete Schuhe zum Wandern,&hellip;<\/p>\n","protected":false},"author":3,"featured_media":999,"parent":0,"menu_order":0,"comment_status":"open","ping_status":"closed","template":"","meta":{"ngg_post_thumbnail":0,"footnotes":""},"class_list":["post-3085","page","type-page","status-publish","has-post-thumbnail","hentry"],"_links":{"self":[{"href":"https:\/\/www.albverein-bergatreute.de\/zeltlager\/wp-json\/wp\/v2\/pages\/3085","targetHints":{"allow":["GET"]}}],"collection":[{"href":"https:\/\/www.albverein-bergatreute.de\/zeltlager\/wp-json\/wp\/v2\/pages"}],"about":[{"href":"https:\/\/www.albverein-bergatreute.de\/zeltlager\/wp-json\/wp\/v2\/types\/page"}],"author":[{"embeddable":true,"href":"https:\/\/www.albverein-bergatreute.de\/zeltlager\/wp-json\/wp\/v2\/users\/3"}],"replies":[{"embeddable":true,"href":"https:\/\/www.albverein-bergatreute.de\/zeltlager\/wp-json\/wp\/v2\/comments?post=3085"}],"version-history":[{"count":8,"href":"https:\/\/www.albverein-bergatreute.de\/zeltlager\/wp-json\/wp\/v2\/pages\/3085\/revisions"}],"predecessor-version":[{"id":13380,"href":"https:\/\/www.albverein-bergatreute.de\/zeltlager\/wp-json\/wp\/v2\/pages\/3085\/revisions\/13380"}],"wp:featuredmedia":[{"embeddable":true,"href":"https:\/\/www.albverein-bergatreute.de\/zeltlager\/wp-json\/wp\/v2\/media\/999"}],"wp:attachment":[{"href":"https:\/\/www.albverein-bergatreute.de\/zeltlager\/wp-json\/wp\/v2\/media?parent=3085"}],"curies":[{"name":"wp","href":"https:\/\/api.w.org\/{rel}","templated":true}]}}