{"id":3633,"date":"2016-10-17T21:21:38","date_gmt":"2016-10-17T19:21:38","guid":{"rendered":"http:\/\/www.albverein-bergatreute.de\/zeltlager\/?page_id=3633"},"modified":"2016-10-17T21:21:38","modified_gmt":"2016-10-17T19:21:38","slug":"impressum","status":"publish","type":"page","link":"https:\/\/www.albverein-bergatreute.de\/zeltlager\/impressum\/","title":{"rendered":"Impressum"},"content":{"rendered":"<p><strong>Verantwortlich gem\u00e4\u00df den Vorgaben von TDG und MDStV f\u00fcr das Internetangebot albverein-bergatreute.de, volkstanz-bergatreute.de, zeltlager-bergatreute.de &amp; albvereinsjugend-bergatreute.de\u00a0<\/strong><strong>sowie Redakteur:<\/strong><\/p>\n<p>Rolf Kesenheimer<br \/>\nGro\u00dftobeler Stra\u00dfe 11<br \/>\n88276 Vorberg<\/p>\n<p>Tel.: +49 (0) 751 \/ 53 25 1<br \/>\nEmail: <a href=\"mailto:kesenheimer.berg@gmx.de\">kesenheimer.berg[at]gmx.de<\/a><\/p>\n<p><strong>Redakteur und C-Admin:<\/strong><\/p>\n<p>Klaus K\u00fcble<br \/>\nWitschwenderstra\u00dfe 30<br \/>\n88368 Bergatreute<\/p>\n<p>Tel.: +49 (0) 7527 \/ 92 19 50<br \/>\nEmail: <a href=\"mailto:volkstanz@kueble.de\">volkstanz[at]kueble.de<\/a><\/p>\n<p><strong>Weitere Redakteure:<\/strong><\/p>\n<p>Thomas Appenmaier<br \/>\nUlrike Appenmaier<br \/>\nRudolf K\u00fcble<br \/>\nSimon K\u00fcble<br \/>\nVera K\u00fcble<br \/>\nCornel Popa<br \/>\nSigrid Sterk<\/p>\n<p><strong>Gestaltung &amp; Realisation:<\/strong><\/p>\n<p>Matthias Pyka &#8211; Bachelor of Engineering<br \/>\n<a href=\"http:\/\/pykasso.de\">www.pykasso.de<\/a><\/p>\n<p><strong>Haftung f\u00fcr Inhalte:<\/strong><\/p>\n<p>Die Inhalte unserer Seiten wurden mit gr\u00f6\u00dfter Sorgfalt erstellt. F\u00fcr die Richtigkeit, Vollst\u00e4ndigkeit und Aktualit\u00e4t der Inhalte k\u00f6nnen wir jedoch keine Gew\u00e4hr \u00fcbernehmen.<\/p>\n<p><strong>Haftung f\u00fcr Links:<\/strong><\/p>\n<p>Unser Angebot enth\u00e4lt Links zu externen Webseiten Dritter, auf deren Inhalte wir keinen Einfluss haben. Deshalb k\u00f6nnen wir f\u00fcr diese fremden Inhalte auch keine Gew\u00e4hr \u00fcbernehmen. F\u00fcr die Inhalte der verlinkten Seiten ist stets der jeweilige Anbieter oder Betreiber der Seiten verantwortlich. Die verlinkten Seiten wurden zum Zeitpunkt der Verlinkung auf m\u00f6gliche Rechtsverst\u00f6\u00dfe \u00fcberpr\u00fcft. Rechtswidrige Inhalte waren zum Zeitpunkt der Verlinkung nicht erkennbar. Eine permanente inhaltliche Kontrolle der verlinkten Seiten ist jedoch ohne konkrete Anhaltspunkte einer Rechtsverletzung nicht zumutbar. Bei bekannt werden von Rechtsverletzungen werden wir derartige Links umgehend entfernen.<\/p>\n<p><strong>Urheberrecht:<\/strong><\/p>\n<p>Die Betreiber der Seiten sind bem\u00fcht, stets die Urheberrechte anderer zu beachten bzw. auf selbst erstellte sowie lizenzfreie Werke zur\u00fcckzugreifen. Die Inhalte und Werke auf diesen Seiten unterliegen dem deutschen Urheberrecht. Die Vervielf\u00e4ltigung, Bearbeitung, Verbreitung und jede Art der Verwertung au\u00dferhalb der Grenzen des Urheberrechtes bed\u00fcrfen der schriftlichen Zustimmung des Betreibers.<\/p>\n<p><strong>Datenschutz:<\/strong><\/p>\n<p>Soweit auf unseren Seiten personenbezogene Daten (beispielsweise Name, Anschrift oder eMail-Adressen) erhoben werden, erfolgt dies auf freiwilliger Basis. Der Nutzung von im Rahmen der Impressumspflicht ver\u00f6ffentlichten Kontaktdaten durch Dritte zur \u00dcbersendung von nicht ausdr\u00fccklich angeforderter Werbung und Informationsmaterialien wird hiermit ausdr\u00fccklich widersprochen.<\/p>\n","protected":false},"excerpt":{"rendered":"<p>Verantwortlich gem\u00e4\u00df den Vorgaben von TDG und MDStV f\u00fcr das Internetangebot albverein-bergatreute.de, volkstanz-bergatreute.de, zeltlager-bergatreute.de &amp; albvereinsjugend-bergatreute.de\u00a0sowie Redakteur: Rolf Kesenheimer Gro\u00dftobeler Stra\u00dfe 11 88276&hellip;<\/p>\n","protected":false},"author":1,"featured_media":0,"parent":0,"menu_order":0,"comment_status":"closed","ping_status":"closed","template":"","meta":{"ngg_post_thumbnail":0,"footnotes":""},"class_list":["post-3633","page","type-page","status-publish","hentry"],"_links":{"self":[{"href":"https:\/\/www.albverein-bergatreute.de\/zeltlager\/wp-json\/wp\/v2\/pages\/3633","targetHints":{"allow":["GET"]}}],"collection":[{"href":"https:\/\/www.albverein-bergatreute.de\/zeltlager\/wp-json\/wp\/v2\/pages"}],"about":[{"href":"https:\/\/www.albverein-bergatreute.de\/zeltlager\/wp-json\/wp\/v2\/types\/page"}],"author":[{"embeddable":true,"href":"https:\/\/www.albverein-bergatreute.de\/zeltlager\/wp-json\/wp\/v2\/users\/1"}],"replies":[{"embeddable":true,"href":"https:\/\/www.albverein-bergatreute.de\/zeltlager\/wp-json\/wp\/v2\/comments?post=3633"}],"version-history":[{"count":1,"href":"https:\/\/www.albverein-bergatreute.de\/zeltlager\/wp-json\/wp\/v2\/pages\/3633\/revisions"}],"predecessor-version":[{"id":3634,"href":"https:\/\/www.albverein-bergatreute.de\/zeltlager\/wp-json\/wp\/v2\/pages\/3633\/revisions\/3634"}],"wp:attachment":[{"href":"https:\/\/www.albverein-bergatreute.de\/zeltlager\/wp-json\/wp\/v2\/media?parent=3633"}],"curies":[{"name":"wp","href":"https:\/\/api.w.org\/{rel}","templated":true}]}}